{"id":165,"date":"2025-02-17T18:34:15","date_gmt":"2025-02-17T18:34:15","guid":{"rendered":"https:\/\/www.emf-sg.ch\/?page_id=165"},"modified":"2026-03-01T15:47:31","modified_gmt":"2026-03-01T15:47:31","slug":"bibliothek","status":"publish","type":"page","link":"https:\/\/www.emf-sg.ch\/?page_id=165","title":{"rendered":"Bibliothek"},"content":{"rendered":"\n<p>Die EMF-Bibliothek wurde \u00fcber Jahrzehnte aufgebaut und umfasst Hunderte B\u00fccher, Zeitschriften, Filme, Pl\u00e4ne und andere Medien. <\/p>\n\n\n\n<p>Die Bibliothek steht allen EMF-Mitgliedern zur kostenlosen Benutzung offen. Auskunft zu allem rund um die Bibliothek erteilt gerne unser Bibliothekar.<\/p>\n\n\n\n<figure class=\"wp-block-gallery has-nested-images columns-default is-cropped wp-block-gallery-1 is-layout-flex wp-block-gallery-is-layout-flex\">\n<figure class=\"wp-block-image size-large\"><img fetchpriority=\"high\" decoding=\"async\" width=\"1024\" height=\"768\" data-id=\"266\" src=\"https:\/\/www.emf-sg.ch\/wp-content\/uploads\/2025\/03\/1020-2-1024x768.jpg\" alt=\"\" class=\"wp-image-266\" srcset=\"https:\/\/www.emf-sg.ch\/wp-content\/uploads\/2025\/03\/1020-2-1024x768.jpg 1024w, https:\/\/www.emf-sg.ch\/wp-content\/uploads\/2025\/03\/1020-2-300x225.jpg 300w, https:\/\/www.emf-sg.ch\/wp-content\/uploads\/2025\/03\/1020-2-768x576.jpg 768w, https:\/\/www.emf-sg.ch\/wp-content\/uploads\/2025\/03\/1020-2-1536x1152.jpg 1536w, https:\/\/www.emf-sg.ch\/wp-content\/uploads\/2025\/03\/1020-2-2048x1536.jpg 2048w, https:\/\/www.emf-sg.ch\/wp-content\/uploads\/2025\/03\/1020-2-1600x1200.jpg 1600w\" sizes=\"(max-width: 1024px) 100vw, 1024px\" \/><\/figure>\n\n\n\n<figure class=\"wp-block-image size-large\"><img decoding=\"async\" width=\"1024\" height=\"768\" data-id=\"265\" src=\"https:\/\/www.emf-sg.ch\/wp-content\/uploads\/2025\/03\/1021-1-1024x768.jpg\" alt=\"\" class=\"wp-image-265\" srcset=\"https:\/\/www.emf-sg.ch\/wp-content\/uploads\/2025\/03\/1021-1-1024x768.jpg 1024w, https:\/\/www.emf-sg.ch\/wp-content\/uploads\/2025\/03\/1021-1-300x225.jpg 300w, https:\/\/www.emf-sg.ch\/wp-content\/uploads\/2025\/03\/1021-1-768x576.jpg 768w, https:\/\/www.emf-sg.ch\/wp-content\/uploads\/2025\/03\/1021-1-1536x1152.jpg 1536w, https:\/\/www.emf-sg.ch\/wp-content\/uploads\/2025\/03\/1021-1-2048x1536.jpg 2048w, https:\/\/www.emf-sg.ch\/wp-content\/uploads\/2025\/03\/1021-1-1600x1200.jpg 1600w\" sizes=\"(max-width: 1024px) 100vw, 1024px\" \/><\/figure>\n<\/figure>\n\n\n\n<p>Hier findest Du die Liste der Buch- und Medientitel unserer Bibliothek mit den j\u00e4hrlichen Neuheitenlisten. Die Bibliothek ist Teil unseres Klublokals; alle Ausleihungen und R\u00fcckgaben erfolgen vor Ort. <\/p>\n\n\n\n<div class=\"wp-block-file\"><a id=\"wp-block-file--media-ff9cc668-d1a4-4ac3-a32d-fdc9f59dd54d\" href=\"https:\/\/www.emf-sg.ch\/wp-content\/uploads\/2025\/03\/EMF-Bibliothek-2025.pdf\">EMF Bibliotheksverzeichnis (Gesamtverzeichnis) 1.1.2025<\/a><a href=\"https:\/\/www.emf-sg.ch\/wp-content\/uploads\/2025\/03\/EMF-Bibliothek-2025.pdf\" class=\"wp-block-file__button wp-element-button\" download aria-describedby=\"wp-block-file--media-ff9cc668-d1a4-4ac3-a32d-fdc9f59dd54d\">Herunterladen<\/a><\/div>\n\n\n\n<div class=\"wp-block-file\"><a id=\"wp-block-file--media-e3590c76-2074-4f14-b35e-800ecdcc27cd\" href=\"https:\/\/www.emf-sg.ch\/wp-content\/uploads\/2026\/03\/EMF_Bibliothek_Neuheiten_2025.pdf\">EMF Bibliothek Neuheitenliste_2025<\/a><a href=\"https:\/\/www.emf-sg.ch\/wp-content\/uploads\/2026\/03\/EMF_Bibliothek_Neuheiten_2025.pdf\" class=\"wp-block-file__button wp-element-button\" download aria-describedby=\"wp-block-file--media-e3590c76-2074-4f14-b35e-800ecdcc27cd\">Herunterladen<\/a><\/div>\n\n\n\n<div class=\"wp-block-file\"><a id=\"wp-block-file--media-bc935133-3f19-42be-85f7-f1c30da9b0f7\" href=\"https:\/\/www.emf-sg.ch\/wp-content\/uploads\/2025\/02\/EMF_Bibliothek_Neuheiten_2024.pdf\">EMF Bibliothek Neuheitenliste 2024<\/a><a href=\"https:\/\/www.emf-sg.ch\/wp-content\/uploads\/2025\/02\/EMF_Bibliothek_Neuheiten_2024.pdf\" class=\"wp-block-file__button wp-element-button\" download aria-describedby=\"wp-block-file--media-bc935133-3f19-42be-85f7-f1c30da9b0f7\">Herunterladen<\/a><\/div>\n\n\n\n<div class=\"wp-block-file\"><a id=\"wp-block-file--media-8e94943e-801a-4138-b04e-0e5c94e3c997\" href=\"https:\/\/www.emf-sg.ch\/wp-content\/uploads\/2025\/02\/EMF_Bibliothek_Neuheiten_2023.pdf\">EMF Bibliothek Neuheitenliste 2023<\/a><a href=\"https:\/\/www.emf-sg.ch\/wp-content\/uploads\/2025\/02\/EMF_Bibliothek_Neuheiten_2023.pdf\" class=\"wp-block-file__button wp-element-button\" download aria-describedby=\"wp-block-file--media-8e94943e-801a-4138-b04e-0e5c94e3c997\">Herunterladen<\/a><\/div>\n\n\n\n<div class=\"wp-block-file\"><a id=\"wp-block-file--media-791778c0-ca87-4226-9771-a8c0cb97beba\" href=\"https:\/\/www.emf-sg.ch\/wp-content\/uploads\/2025\/02\/EMF_Bibliothek_Neuheiten_2022.pdf\">EMF Bibliothek Neuheitenliste 2022<\/a><a href=\"https:\/\/www.emf-sg.ch\/wp-content\/uploads\/2025\/02\/EMF_Bibliothek_Neuheiten_2022.pdf\" class=\"wp-block-file__button wp-element-button\" download aria-describedby=\"wp-block-file--media-791778c0-ca87-4226-9771-a8c0cb97beba\">Herunterladen<\/a><\/div>\n","protected":false},"excerpt":{"rendered":"<p>Die EMF-Bibliothek wurde \u00fcber Jahrzehnte aufgebaut und umfasst Hunderte B\u00fccher, Zeitschriften, Filme, Pl\u00e4ne und andere Medien. Die Bibliothek steht allen&hellip;<\/p>\n","protected":false},"author":4,"featured_media":0,"parent":0,"menu_order":0,"comment_status":"closed","ping_status":"closed","template":"","meta":{"footnotes":""},"class_list":["post-165","page","type-page","status-publish","hentry"],"yoast_head":"<!-- This site is optimized with the Yoast SEO plugin v26.8 - https:\/\/yoast.com\/product\/yoast-seo-wordpress\/ -->\n<title>Bibliothek - EMF St. Gallen<\/title>\n<meta name=\"robots\" content=\"index, follow, max-snippet:-1, max-image-preview:large, max-video-preview:-1\" \/>\n<link rel=\"canonical\" href=\"https:\/\/www.emf-sg.ch\/?page_id=165\" \/>\n<meta property=\"og:locale\" content=\"de_DE\" \/>\n<meta property=\"og:type\" content=\"article\" \/>\n<meta property=\"og:title\" content=\"Bibliothek - EMF St. Gallen\" \/>\n<meta property=\"og:description\" content=\"Die EMF-Bibliothek wurde \u00fcber Jahrzehnte aufgebaut und umfasst Hunderte B\u00fccher, Zeitschriften, Filme, Pl\u00e4ne und andere Medien. Die Bibliothek steht allen&hellip;\" \/>\n<meta property=\"og:url\" content=\"https:\/\/www.emf-sg.ch\/?page_id=165\" \/>\n<meta property=\"og:site_name\" content=\"EMF St. Gallen\" \/>\n<meta property=\"article:modified_time\" content=\"2026-03-01T15:47:31+00:00\" \/>\n<meta property=\"og:image\" content=\"https:\/\/www.emf-sg.ch\/wp-content\/uploads\/2025\/03\/1020-2-scaled.jpg\" \/>\n\t<meta property=\"og:image:width\" content=\"2560\" \/>\n\t<meta property=\"og:image:height\" content=\"1920\" \/>\n\t<meta property=\"og:image:type\" content=\"image\/jpeg\" \/>\n<meta name=\"twitter:card\" content=\"summary_large_image\" \/>\n<meta name=\"twitter:label1\" content=\"Gesch\u00e4tzte Lesezeit\" \/>\n\t<meta name=\"twitter:data1\" content=\"1\u00a0Minute\" \/>\n<script type=\"application\/ld+json\" class=\"yoast-schema-graph\">{\"@context\":\"https:\/\/schema.org\",\"@graph\":[{\"@type\":\"WebPage\",\"@id\":\"https:\/\/www.emf-sg.ch\/?page_id=165\",\"url\":\"https:\/\/www.emf-sg.ch\/?page_id=165\",\"name\":\"Bibliothek - EMF St. Gallen\",\"isPartOf\":{\"@id\":\"https:\/\/www.emf-sg.ch\/#website\"},\"primaryImageOfPage\":{\"@id\":\"https:\/\/www.emf-sg.ch\/?page_id=165#primaryimage\"},\"image\":{\"@id\":\"https:\/\/www.emf-sg.ch\/?page_id=165#primaryimage\"},\"thumbnailUrl\":\"https:\/\/www.emf-sg.ch\/wp-content\/uploads\/2025\/03\/1020-2-1024x768.jpg\",\"datePublished\":\"2025-02-17T18:34:15+00:00\",\"dateModified\":\"2026-03-01T15:47:31+00:00\",\"breadcrumb\":{\"@id\":\"https:\/\/www.emf-sg.ch\/?page_id=165#breadcrumb\"},\"inLanguage\":\"de\",\"potentialAction\":[{\"@type\":\"ReadAction\",\"target\":[\"https:\/\/www.emf-sg.ch\/?page_id=165\"]}]},{\"@type\":\"ImageObject\",\"inLanguage\":\"de\",\"@id\":\"https:\/\/www.emf-sg.ch\/?page_id=165#primaryimage\",\"url\":\"https:\/\/www.emf-sg.ch\/wp-content\/uploads\/2025\/03\/1020-2-scaled.jpg\",\"contentUrl\":\"https:\/\/www.emf-sg.ch\/wp-content\/uploads\/2025\/03\/1020-2-scaled.jpg\",\"width\":2560,\"height\":1920},{\"@type\":\"BreadcrumbList\",\"@id\":\"https:\/\/www.emf-sg.ch\/?page_id=165#breadcrumb\",\"itemListElement\":[{\"@type\":\"ListItem\",\"position\":1,\"name\":\"Home\",\"item\":\"https:\/\/www.emf-sg.ch\/\"},{\"@type\":\"ListItem\",\"position\":2,\"name\":\"Bibliothek\"}]},{\"@type\":\"WebSite\",\"@id\":\"https:\/\/www.emf-sg.ch\/#website\",\"url\":\"https:\/\/www.emf-sg.ch\/\",\"name\":\"EMF St. Gallen\",\"description\":\"Die Eisenbahn- und Modellbau- Freunde in St.Gallen\",\"potentialAction\":[{\"@type\":\"SearchAction\",\"target\":{\"@type\":\"EntryPoint\",\"urlTemplate\":\"https:\/\/www.emf-sg.ch\/?s={search_term_string}\"},\"query-input\":{\"@type\":\"PropertyValueSpecification\",\"valueRequired\":true,\"valueName\":\"search_term_string\"}}],\"inLanguage\":\"de\"}]}<\/script>\n<!-- \/ Yoast SEO plugin. -->","yoast_head_json":{"title":"Bibliothek - EMF St. Gallen","robots":{"index":"index","follow":"follow","max-snippet":"max-snippet:-1","max-image-preview":"max-image-preview:large","max-video-preview":"max-video-preview:-1"},"canonical":"https:\/\/www.emf-sg.ch\/?page_id=165","og_locale":"de_DE","og_type":"article","og_title":"Bibliothek - EMF St. Gallen","og_description":"Die EMF-Bibliothek wurde \u00fcber Jahrzehnte aufgebaut und umfasst Hunderte B\u00fccher, Zeitschriften, Filme, Pl\u00e4ne und andere Medien. Die Bibliothek steht allen&hellip;","og_url":"https:\/\/www.emf-sg.ch\/?page_id=165","og_site_name":"EMF St. Gallen","article_modified_time":"2026-03-01T15:47:31+00:00","og_image":[{"width":2560,"height":1920,"url":"https:\/\/www.emf-sg.ch\/wp-content\/uploads\/2025\/03\/1020-2-scaled.jpg","type":"image\/jpeg"}],"twitter_card":"summary_large_image","twitter_misc":{"Gesch\u00e4tzte Lesezeit":"1\u00a0Minute"},"schema":{"@context":"https:\/\/schema.org","@graph":[{"@type":"WebPage","@id":"https:\/\/www.emf-sg.ch\/?page_id=165","url":"https:\/\/www.emf-sg.ch\/?page_id=165","name":"Bibliothek - EMF St. Gallen","isPartOf":{"@id":"https:\/\/www.emf-sg.ch\/#website"},"primaryImageOfPage":{"@id":"https:\/\/www.emf-sg.ch\/?page_id=165#primaryimage"},"image":{"@id":"https:\/\/www.emf-sg.ch\/?page_id=165#primaryimage"},"thumbnailUrl":"https:\/\/www.emf-sg.ch\/wp-content\/uploads\/2025\/03\/1020-2-1024x768.jpg","datePublished":"2025-02-17T18:34:15+00:00","dateModified":"2026-03-01T15:47:31+00:00","breadcrumb":{"@id":"https:\/\/www.emf-sg.ch\/?page_id=165#breadcrumb"},"inLanguage":"de","potentialAction":[{"@type":"ReadAction","target":["https:\/\/www.emf-sg.ch\/?page_id=165"]}]},{"@type":"ImageObject","inLanguage":"de","@id":"https:\/\/www.emf-sg.ch\/?page_id=165#primaryimage","url":"https:\/\/www.emf-sg.ch\/wp-content\/uploads\/2025\/03\/1020-2-scaled.jpg","contentUrl":"https:\/\/www.emf-sg.ch\/wp-content\/uploads\/2025\/03\/1020-2-scaled.jpg","width":2560,"height":1920},{"@type":"BreadcrumbList","@id":"https:\/\/www.emf-sg.ch\/?page_id=165#breadcrumb","itemListElement":[{"@type":"ListItem","position":1,"name":"Home","item":"https:\/\/www.emf-sg.ch\/"},{"@type":"ListItem","position":2,"name":"Bibliothek"}]},{"@type":"WebSite","@id":"https:\/\/www.emf-sg.ch\/#website","url":"https:\/\/www.emf-sg.ch\/","name":"EMF St. Gallen","description":"Die Eisenbahn- und Modellbau- Freunde in St.Gallen","potentialAction":[{"@type":"SearchAction","target":{"@type":"EntryPoint","urlTemplate":"https:\/\/www.emf-sg.ch\/?s={search_term_string}"},"query-input":{"@type":"PropertyValueSpecification","valueRequired":true,"valueName":"search_term_string"}}],"inLanguage":"de"}]}},"jetpack_sharing_enabled":true,"_links":{"self":[{"href":"https:\/\/www.emf-sg.ch\/index.php?rest_route=\/wp\/v2\/pages\/165","targetHints":{"allow":["GET"]}}],"collection":[{"href":"https:\/\/www.emf-sg.ch\/index.php?rest_route=\/wp\/v2\/pages"}],"about":[{"href":"https:\/\/www.emf-sg.ch\/index.php?rest_route=\/wp\/v2\/types\/page"}],"author":[{"embeddable":true,"href":"https:\/\/www.emf-sg.ch\/index.php?rest_route=\/wp\/v2\/users\/4"}],"replies":[{"embeddable":true,"href":"https:\/\/www.emf-sg.ch\/index.php?rest_route=%2Fwp%2Fv2%2Fcomments&post=165"}],"version-history":[{"count":8,"href":"https:\/\/www.emf-sg.ch\/index.php?rest_route=\/wp\/v2\/pages\/165\/revisions"}],"predecessor-version":[{"id":966,"href":"https:\/\/www.emf-sg.ch\/index.php?rest_route=\/wp\/v2\/pages\/165\/revisions\/966"}],"wp:attachment":[{"href":"https:\/\/www.emf-sg.ch\/index.php?rest_route=%2Fwp%2Fv2%2Fmedia&parent=165"}],"curies":[{"name":"wp","href":"https:\/\/api.w.org\/{rel}","templated":true}]}}