{"id":269,"date":"2025-03-01T09:50:54","date_gmt":"2025-03-01T09:50:54","guid":{"rendered":"https:\/\/www.emf-sg.ch\/?page_id=269"},"modified":"2026-03-01T16:50:21","modified_gmt":"2026-03-01T16:50:21","slug":"unser-klublokal","status":"publish","type":"page","link":"https:\/\/www.emf-sg.ch\/?page_id=269","title":{"rendered":"Unser Klublokal, Klubanlage"},"content":{"rendered":"\n<p>Jahrzehntelang genoss unser Verein Gastrecht auf der SBB-Ausbildungsanlage an der Verkehrsschule St. Gallen (1964-2001). Diese Anlage wurde im Modellbahnteil von EMF-Mitgliedern erbaut, und im Gegenzug durften wir monatlich einen Fahrabend an der Anlage mit Originalstellwerken abhalten. Zu den Monatsversammlungen trafen wir uns entweder in Restaurants oder in den R\u00e4umen des Hauptbahnhofs. Die Vereinsbibliothek war in einzelnen Wandschr\u00e4nken in einem Nebenzimmer des altehrw\u00fcrdigen Kreisdirektions-Saals im Bahnhofgeb\u00e4ude untergebracht. Alles war also dezentral verteilt und hatte teilweise provisorischen Charakter. Lange Zeit bestand kein Bedarf nach einem eigentlichen Vereinslokal, welches ausschliesslich unseren Zwecken dient.<\/p>\n\n\n\n<p>Als der Abbau der Ausbildungsanlage anstand und auch der Hauptbahnhof mit dem Umbau und Einzug der Klubschule Migros nicht mehr f\u00fcr uns zur Verf\u00fcgung stand, mussten wir uns nach Alternativen umsehen. <strong>Nach einer mehrj\u00e4hrigen Zwischenl\u00f6sung an der Lindenstrasse konnten wir 2001 einen ca. 100m2 grossen Raum in der ehemaligen Zollverwaltung an der G\u00fcterbahnhofstrasse mieten. Seither ist hier alles beisammen: das &#8222;Schwelle-Beizli&#8220;, wo Vortr\u00e4ge gezeigt werden und f\u00fcr die Verpflegung gesorgt ist, die Klubbibliothek und die H0-Eisenbahnanlage aus MAS60-Modulen.<\/strong><\/p>\n\n\n\n<p>Wir treffen uns im Klublokal in der Regel zweimal pro Monat: am zweiten Mittwoch ist Monatsversammlung mit einem (Bild-) Vortrag, am vierten Mittwoch im Monat ist Bau- und Fahrabend an der Modulanlage. Die Bibliothek steht an diesen Daten ebenfalls offen.<\/p>\n\n\n\n<figure class=\"wp-block-gallery has-nested-images columns-default is-cropped wp-block-gallery-1 is-layout-flex wp-block-gallery-is-layout-flex\">\n<figure class=\"wp-block-image size-large\"><img fetchpriority=\"high\" decoding=\"async\" width=\"1024\" height=\"768\" data-id=\"271\" src=\"https:\/\/www.emf-sg.ch\/wp-content\/uploads\/2025\/03\/1001-1024x768.jpg\" alt=\"\" class=\"wp-image-271\" srcset=\"https:\/\/www.emf-sg.ch\/wp-content\/uploads\/2025\/03\/1001-1024x768.jpg 1024w, https:\/\/www.emf-sg.ch\/wp-content\/uploads\/2025\/03\/1001-300x225.jpg 300w, https:\/\/www.emf-sg.ch\/wp-content\/uploads\/2025\/03\/1001-768x576.jpg 768w, https:\/\/www.emf-sg.ch\/wp-content\/uploads\/2025\/03\/1001-1536x1152.jpg 1536w, https:\/\/www.emf-sg.ch\/wp-content\/uploads\/2025\/03\/1001-2048x1536.jpg 2048w, https:\/\/www.emf-sg.ch\/wp-content\/uploads\/2025\/03\/1001-1600x1200.jpg 1600w\" sizes=\"(max-width: 1024px) 100vw, 1024px\" \/><\/figure>\n\n\n\n<figure class=\"wp-block-image size-large\"><img decoding=\"async\" width=\"1024\" height=\"768\" data-id=\"272\" src=\"https:\/\/www.emf-sg.ch\/wp-content\/uploads\/2025\/03\/1001b-1024x768.jpg\" alt=\"\" class=\"wp-image-272\" srcset=\"https:\/\/www.emf-sg.ch\/wp-content\/uploads\/2025\/03\/1001b-1024x768.jpg 1024w, https:\/\/www.emf-sg.ch\/wp-content\/uploads\/2025\/03\/1001b-300x225.jpg 300w, https:\/\/www.emf-sg.ch\/wp-content\/uploads\/2025\/03\/1001b-768x576.jpg 768w, https:\/\/www.emf-sg.ch\/wp-content\/uploads\/2025\/03\/1001b-1536x1152.jpg 1536w, https:\/\/www.emf-sg.ch\/wp-content\/uploads\/2025\/03\/1001b-2048x1536.jpg 2048w, https:\/\/www.emf-sg.ch\/wp-content\/uploads\/2025\/03\/1001b-1600x1200.jpg 1600w\" sizes=\"(max-width: 1024px) 100vw, 1024px\" \/><\/figure>\n\n\n\n<figure class=\"wp-block-image size-large\"><img decoding=\"async\" width=\"1024\" height=\"768\" data-id=\"274\" src=\"https:\/\/www.emf-sg.ch\/wp-content\/uploads\/2025\/03\/1002-1024x768.jpg\" alt=\"\" class=\"wp-image-274\" srcset=\"https:\/\/www.emf-sg.ch\/wp-content\/uploads\/2025\/03\/1002-1024x768.jpg 1024w, https:\/\/www.emf-sg.ch\/wp-content\/uploads\/2025\/03\/1002-300x225.jpg 300w, https:\/\/www.emf-sg.ch\/wp-content\/uploads\/2025\/03\/1002-768x576.jpg 768w, https:\/\/www.emf-sg.ch\/wp-content\/uploads\/2025\/03\/1002-1536x1152.jpg 1536w, https:\/\/www.emf-sg.ch\/wp-content\/uploads\/2025\/03\/1002-2048x1536.jpg 2048w, https:\/\/www.emf-sg.ch\/wp-content\/uploads\/2025\/03\/1002-1600x1200.jpg 1600w\" sizes=\"(max-width: 1024px) 100vw, 1024px\" \/><\/figure>\n\n\n\n<figure class=\"wp-block-image size-large\"><img loading=\"lazy\" decoding=\"async\" width=\"1024\" height=\"768\" data-id=\"276\" src=\"https:\/\/www.emf-sg.ch\/wp-content\/uploads\/2025\/03\/1003-1024x768.jpg\" alt=\"\" class=\"wp-image-276\" srcset=\"https:\/\/www.emf-sg.ch\/wp-content\/uploads\/2025\/03\/1003-1024x768.jpg 1024w, https:\/\/www.emf-sg.ch\/wp-content\/uploads\/2025\/03\/1003-300x225.jpg 300w, https:\/\/www.emf-sg.ch\/wp-content\/uploads\/2025\/03\/1003-768x576.jpg 768w, https:\/\/www.emf-sg.ch\/wp-content\/uploads\/2025\/03\/1003-1536x1152.jpg 1536w, https:\/\/www.emf-sg.ch\/wp-content\/uploads\/2025\/03\/1003-2048x1536.jpg 2048w, https:\/\/www.emf-sg.ch\/wp-content\/uploads\/2025\/03\/1003-1600x1200.jpg 1600w\" sizes=\"(max-width: 1024px) 100vw, 1024px\" \/><\/figure>\n\n\n\n<figure class=\"wp-block-image size-large\"><img loading=\"lazy\" decoding=\"async\" width=\"1024\" height=\"768\" data-id=\"275\" src=\"https:\/\/www.emf-sg.ch\/wp-content\/uploads\/2025\/03\/1004-1024x768.jpg\" alt=\"\" class=\"wp-image-275\" srcset=\"https:\/\/www.emf-sg.ch\/wp-content\/uploads\/2025\/03\/1004-1024x768.jpg 1024w, https:\/\/www.emf-sg.ch\/wp-content\/uploads\/2025\/03\/1004-300x225.jpg 300w, https:\/\/www.emf-sg.ch\/wp-content\/uploads\/2025\/03\/1004-768x576.jpg 768w, https:\/\/www.emf-sg.ch\/wp-content\/uploads\/2025\/03\/1004-1536x1152.jpg 1536w, https:\/\/www.emf-sg.ch\/wp-content\/uploads\/2025\/03\/1004-2048x1536.jpg 2048w, https:\/\/www.emf-sg.ch\/wp-content\/uploads\/2025\/03\/1004-1600x1200.jpg 1600w\" sizes=\"(max-width: 1024px) 100vw, 1024px\" \/><\/figure>\n\n\n\n<figure class=\"wp-block-image size-large\"><img loading=\"lazy\" decoding=\"async\" width=\"1024\" height=\"768\" data-id=\"278\" src=\"https:\/\/www.emf-sg.ch\/wp-content\/uploads\/2025\/03\/1004a-1024x768.jpg\" alt=\"\" class=\"wp-image-278\" srcset=\"https:\/\/www.emf-sg.ch\/wp-content\/uploads\/2025\/03\/1004a-1024x768.jpg 1024w, https:\/\/www.emf-sg.ch\/wp-content\/uploads\/2025\/03\/1004a-300x225.jpg 300w, https:\/\/www.emf-sg.ch\/wp-content\/uploads\/2025\/03\/1004a-768x576.jpg 768w, https:\/\/www.emf-sg.ch\/wp-content\/uploads\/2025\/03\/1004a-1536x1152.jpg 1536w, https:\/\/www.emf-sg.ch\/wp-content\/uploads\/2025\/03\/1004a-2048x1536.jpg 2048w, https:\/\/www.emf-sg.ch\/wp-content\/uploads\/2025\/03\/1004a-1600x1200.jpg 1600w\" sizes=\"(max-width: 1024px) 100vw, 1024px\" \/><\/figure>\n\n\n\n<figure class=\"wp-block-image size-large\"><img loading=\"lazy\" decoding=\"async\" width=\"1024\" height=\"768\" data-id=\"277\" src=\"https:\/\/www.emf-sg.ch\/wp-content\/uploads\/2025\/03\/1005-1024x768.jpg\" alt=\"\" class=\"wp-image-277\" srcset=\"https:\/\/www.emf-sg.ch\/wp-content\/uploads\/2025\/03\/1005-1024x768.jpg 1024w, https:\/\/www.emf-sg.ch\/wp-content\/uploads\/2025\/03\/1005-300x225.jpg 300w, https:\/\/www.emf-sg.ch\/wp-content\/uploads\/2025\/03\/1005-768x576.jpg 768w, https:\/\/www.emf-sg.ch\/wp-content\/uploads\/2025\/03\/1005-1536x1152.jpg 1536w, https:\/\/www.emf-sg.ch\/wp-content\/uploads\/2025\/03\/1005-2048x1536.jpg 2048w, https:\/\/www.emf-sg.ch\/wp-content\/uploads\/2025\/03\/1005-1600x1200.jpg 1600w\" sizes=\"(max-width: 1024px) 100vw, 1024px\" \/><\/figure>\n\n\n\n<figure class=\"wp-block-image size-large\"><img loading=\"lazy\" decoding=\"async\" width=\"1024\" height=\"768\" data-id=\"279\" src=\"https:\/\/www.emf-sg.ch\/wp-content\/uploads\/2025\/03\/1006-1024x768.jpg\" alt=\"\" class=\"wp-image-279\" srcset=\"https:\/\/www.emf-sg.ch\/wp-content\/uploads\/2025\/03\/1006-1024x768.jpg 1024w, https:\/\/www.emf-sg.ch\/wp-content\/uploads\/2025\/03\/1006-300x225.jpg 300w, https:\/\/www.emf-sg.ch\/wp-content\/uploads\/2025\/03\/1006-768x576.jpg 768w, https:\/\/www.emf-sg.ch\/wp-content\/uploads\/2025\/03\/1006-1536x1152.jpg 1536w, https:\/\/www.emf-sg.ch\/wp-content\/uploads\/2025\/03\/1006-2048x1536.jpg 2048w, https:\/\/www.emf-sg.ch\/wp-content\/uploads\/2025\/03\/1006-1600x1200.jpg 1600w\" sizes=\"(max-width: 1024px) 100vw, 1024px\" \/><\/figure>\n\n\n\n<figure class=\"wp-block-image size-large\"><img loading=\"lazy\" decoding=\"async\" width=\"1024\" height=\"768\" data-id=\"280\" src=\"https:\/\/www.emf-sg.ch\/wp-content\/uploads\/2025\/03\/1007-1024x768.jpg\" alt=\"\" class=\"wp-image-280\" srcset=\"https:\/\/www.emf-sg.ch\/wp-content\/uploads\/2025\/03\/1007-1024x768.jpg 1024w, https:\/\/www.emf-sg.ch\/wp-content\/uploads\/2025\/03\/1007-300x225.jpg 300w, https:\/\/www.emf-sg.ch\/wp-content\/uploads\/2025\/03\/1007-768x576.jpg 768w, https:\/\/www.emf-sg.ch\/wp-content\/uploads\/2025\/03\/1007-1536x1152.jpg 1536w, https:\/\/www.emf-sg.ch\/wp-content\/uploads\/2025\/03\/1007-2048x1536.jpg 2048w, https:\/\/www.emf-sg.ch\/wp-content\/uploads\/2025\/03\/1007-1600x1200.jpg 1600w\" sizes=\"(max-width: 1024px) 100vw, 1024px\" \/><\/figure>\n\n\n\n<figure class=\"wp-block-image size-large\"><img loading=\"lazy\" decoding=\"async\" width=\"1024\" height=\"768\" data-id=\"281\" src=\"https:\/\/www.emf-sg.ch\/wp-content\/uploads\/2025\/03\/1008-1024x768.jpg\" alt=\"\" class=\"wp-image-281\" srcset=\"https:\/\/www.emf-sg.ch\/wp-content\/uploads\/2025\/03\/1008-1024x768.jpg 1024w, https:\/\/www.emf-sg.ch\/wp-content\/uploads\/2025\/03\/1008-300x225.jpg 300w, https:\/\/www.emf-sg.ch\/wp-content\/uploads\/2025\/03\/1008-768x576.jpg 768w, https:\/\/www.emf-sg.ch\/wp-content\/uploads\/2025\/03\/1008-1536x1152.jpg 1536w, https:\/\/www.emf-sg.ch\/wp-content\/uploads\/2025\/03\/1008-2048x1536.jpg 2048w, https:\/\/www.emf-sg.ch\/wp-content\/uploads\/2025\/03\/1008-1600x1200.jpg 1600w\" sizes=\"(max-width: 1024px) 100vw, 1024px\" \/><\/figure>\n\n\n\n<figure class=\"wp-block-image size-large\"><img loading=\"lazy\" decoding=\"async\" width=\"1024\" height=\"768\" data-id=\"282\" src=\"https:\/\/www.emf-sg.ch\/wp-content\/uploads\/2025\/03\/1009-1024x768.jpg\" alt=\"\" class=\"wp-image-282\" srcset=\"https:\/\/www.emf-sg.ch\/wp-content\/uploads\/2025\/03\/1009-1024x768.jpg 1024w, https:\/\/www.emf-sg.ch\/wp-content\/uploads\/2025\/03\/1009-300x225.jpg 300w, https:\/\/www.emf-sg.ch\/wp-content\/uploads\/2025\/03\/1009-768x576.jpg 768w, https:\/\/www.emf-sg.ch\/wp-content\/uploads\/2025\/03\/1009-1536x1152.jpg 1536w, https:\/\/www.emf-sg.ch\/wp-content\/uploads\/2025\/03\/1009-2048x1536.jpg 2048w, https:\/\/www.emf-sg.ch\/wp-content\/uploads\/2025\/03\/1009-1600x1200.jpg 1600w\" sizes=\"(max-width: 1024px) 100vw, 1024px\" \/><\/figure>\n\n\n\n<figure class=\"wp-block-image size-large\"><img loading=\"lazy\" decoding=\"async\" width=\"1024\" height=\"768\" data-id=\"283\" src=\"https:\/\/www.emf-sg.ch\/wp-content\/uploads\/2025\/03\/1020-3-1024x768.jpg\" alt=\"\" class=\"wp-image-283\" srcset=\"https:\/\/www.emf-sg.ch\/wp-content\/uploads\/2025\/03\/1020-3-1024x768.jpg 1024w, https:\/\/www.emf-sg.ch\/wp-content\/uploads\/2025\/03\/1020-3-300x225.jpg 300w, https:\/\/www.emf-sg.ch\/wp-content\/uploads\/2025\/03\/1020-3-768x576.jpg 768w, https:\/\/www.emf-sg.ch\/wp-content\/uploads\/2025\/03\/1020-3-1536x1152.jpg 1536w, https:\/\/www.emf-sg.ch\/wp-content\/uploads\/2025\/03\/1020-3-2048x1536.jpg 2048w, https:\/\/www.emf-sg.ch\/wp-content\/uploads\/2025\/03\/1020-3-1600x1200.jpg 1600w\" sizes=\"(max-width: 1024px) 100vw, 1024px\" \/><\/figure>\n<\/figure>\n\n\n\n<p><strong><em><mark style=\"background-color:#FCA6AB\" class=\"has-inline-color\">In den Unterkapiteln gibt es weitere Fotos von der Klubanlage und den EMF-Werbefahrzeugen.<\/mark><\/em><\/strong><\/p>\n\n\n\n<p><\/p>\n","protected":false},"excerpt":{"rendered":"<p>Jahrzehntelang genoss unser Verein Gastrecht auf der SBB-Ausbildungsanlage an der Verkehrsschule St. Gallen (1964-2001). Diese Anlage wurde im Modellbahnteil von&hellip;<\/p>\n","protected":false},"author":4,"featured_media":0,"parent":0,"menu_order":0,"comment_status":"closed","ping_status":"closed","template":"","meta":{"footnotes":""},"class_list":["post-269","page","type-page","status-publish","hentry"],"yoast_head":"<!-- This site is optimized with the Yoast SEO plugin v26.8 - https:\/\/yoast.com\/product\/yoast-seo-wordpress\/ -->\n<title>Unser Klublokal, Klubanlage - EMF St. Gallen<\/title>\n<meta name=\"robots\" content=\"index, follow, max-snippet:-1, max-image-preview:large, max-video-preview:-1\" \/>\n<link rel=\"canonical\" href=\"https:\/\/www.emf-sg.ch\/?page_id=269\" \/>\n<meta property=\"og:locale\" content=\"de_DE\" \/>\n<meta property=\"og:type\" content=\"article\" \/>\n<meta property=\"og:title\" content=\"Unser Klublokal, Klubanlage - EMF St. Gallen\" \/>\n<meta property=\"og:description\" content=\"Jahrzehntelang genoss unser Verein Gastrecht auf der SBB-Ausbildungsanlage an der Verkehrsschule St. Gallen (1964-2001). Diese Anlage wurde im Modellbahnteil von&hellip;\" \/>\n<meta property=\"og:url\" content=\"https:\/\/www.emf-sg.ch\/?page_id=269\" \/>\n<meta property=\"og:site_name\" content=\"EMF St. Gallen\" \/>\n<meta property=\"article:modified_time\" content=\"2026-03-01T16:50:21+00:00\" \/>\n<meta property=\"og:image\" content=\"https:\/\/www.emf-sg.ch\/wp-content\/uploads\/2025\/03\/1001-scaled.jpg\" \/>\n\t<meta property=\"og:image:width\" content=\"2560\" \/>\n\t<meta property=\"og:image:height\" content=\"1920\" \/>\n\t<meta property=\"og:image:type\" content=\"image\/jpeg\" \/>\n<meta name=\"twitter:card\" content=\"summary_large_image\" \/>\n<meta name=\"twitter:label1\" content=\"Gesch\u00e4tzte Lesezeit\" \/>\n\t<meta name=\"twitter:data1\" content=\"4\u00a0Minuten\" \/>\n<script type=\"application\/ld+json\" class=\"yoast-schema-graph\">{\"@context\":\"https:\/\/schema.org\",\"@graph\":[{\"@type\":\"WebPage\",\"@id\":\"https:\/\/www.emf-sg.ch\/?page_id=269\",\"url\":\"https:\/\/www.emf-sg.ch\/?page_id=269\",\"name\":\"Unser Klublokal, Klubanlage - EMF St. Gallen\",\"isPartOf\":{\"@id\":\"https:\/\/www.emf-sg.ch\/#website\"},\"primaryImageOfPage\":{\"@id\":\"https:\/\/www.emf-sg.ch\/?page_id=269#primaryimage\"},\"image\":{\"@id\":\"https:\/\/www.emf-sg.ch\/?page_id=269#primaryimage\"},\"thumbnailUrl\":\"https:\/\/www.emf-sg.ch\/wp-content\/uploads\/2025\/03\/1001-1024x768.jpg\",\"datePublished\":\"2025-03-01T09:50:54+00:00\",\"dateModified\":\"2026-03-01T16:50:21+00:00\",\"breadcrumb\":{\"@id\":\"https:\/\/www.emf-sg.ch\/?page_id=269#breadcrumb\"},\"inLanguage\":\"de\",\"potentialAction\":[{\"@type\":\"ReadAction\",\"target\":[\"https:\/\/www.emf-sg.ch\/?page_id=269\"]}]},{\"@type\":\"ImageObject\",\"inLanguage\":\"de\",\"@id\":\"https:\/\/www.emf-sg.ch\/?page_id=269#primaryimage\",\"url\":\"https:\/\/www.emf-sg.ch\/wp-content\/uploads\/2025\/03\/1001-scaled.jpg\",\"contentUrl\":\"https:\/\/www.emf-sg.ch\/wp-content\/uploads\/2025\/03\/1001-scaled.jpg\",\"width\":2560,\"height\":1920},{\"@type\":\"BreadcrumbList\",\"@id\":\"https:\/\/www.emf-sg.ch\/?page_id=269#breadcrumb\",\"itemListElement\":[{\"@type\":\"ListItem\",\"position\":1,\"name\":\"Home\",\"item\":\"https:\/\/www.emf-sg.ch\/\"},{\"@type\":\"ListItem\",\"position\":2,\"name\":\"Unser Klublokal, Klubanlage\"}]},{\"@type\":\"WebSite\",\"@id\":\"https:\/\/www.emf-sg.ch\/#website\",\"url\":\"https:\/\/www.emf-sg.ch\/\",\"name\":\"EMF St. Gallen\",\"description\":\"Die Eisenbahn- und Modellbau- Freunde in St.Gallen\",\"potentialAction\":[{\"@type\":\"SearchAction\",\"target\":{\"@type\":\"EntryPoint\",\"urlTemplate\":\"https:\/\/www.emf-sg.ch\/?s={search_term_string}\"},\"query-input\":{\"@type\":\"PropertyValueSpecification\",\"valueRequired\":true,\"valueName\":\"search_term_string\"}}],\"inLanguage\":\"de\"}]}<\/script>\n<!-- \/ Yoast SEO plugin. -->","yoast_head_json":{"title":"Unser Klublokal, Klubanlage - EMF St. Gallen","robots":{"index":"index","follow":"follow","max-snippet":"max-snippet:-1","max-image-preview":"max-image-preview:large","max-video-preview":"max-video-preview:-1"},"canonical":"https:\/\/www.emf-sg.ch\/?page_id=269","og_locale":"de_DE","og_type":"article","og_title":"Unser Klublokal, Klubanlage - EMF St. Gallen","og_description":"Jahrzehntelang genoss unser Verein Gastrecht auf der SBB-Ausbildungsanlage an der Verkehrsschule St. Gallen (1964-2001). Diese Anlage wurde im Modellbahnteil von&hellip;","og_url":"https:\/\/www.emf-sg.ch\/?page_id=269","og_site_name":"EMF St. Gallen","article_modified_time":"2026-03-01T16:50:21+00:00","og_image":[{"width":2560,"height":1920,"url":"https:\/\/www.emf-sg.ch\/wp-content\/uploads\/2025\/03\/1001-scaled.jpg","type":"image\/jpeg"}],"twitter_card":"summary_large_image","twitter_misc":{"Gesch\u00e4tzte Lesezeit":"4\u00a0Minuten"},"schema":{"@context":"https:\/\/schema.org","@graph":[{"@type":"WebPage","@id":"https:\/\/www.emf-sg.ch\/?page_id=269","url":"https:\/\/www.emf-sg.ch\/?page_id=269","name":"Unser Klublokal, Klubanlage - EMF St. Gallen","isPartOf":{"@id":"https:\/\/www.emf-sg.ch\/#website"},"primaryImageOfPage":{"@id":"https:\/\/www.emf-sg.ch\/?page_id=269#primaryimage"},"image":{"@id":"https:\/\/www.emf-sg.ch\/?page_id=269#primaryimage"},"thumbnailUrl":"https:\/\/www.emf-sg.ch\/wp-content\/uploads\/2025\/03\/1001-1024x768.jpg","datePublished":"2025-03-01T09:50:54+00:00","dateModified":"2026-03-01T16:50:21+00:00","breadcrumb":{"@id":"https:\/\/www.emf-sg.ch\/?page_id=269#breadcrumb"},"inLanguage":"de","potentialAction":[{"@type":"ReadAction","target":["https:\/\/www.emf-sg.ch\/?page_id=269"]}]},{"@type":"ImageObject","inLanguage":"de","@id":"https:\/\/www.emf-sg.ch\/?page_id=269#primaryimage","url":"https:\/\/www.emf-sg.ch\/wp-content\/uploads\/2025\/03\/1001-scaled.jpg","contentUrl":"https:\/\/www.emf-sg.ch\/wp-content\/uploads\/2025\/03\/1001-scaled.jpg","width":2560,"height":1920},{"@type":"BreadcrumbList","@id":"https:\/\/www.emf-sg.ch\/?page_id=269#breadcrumb","itemListElement":[{"@type":"ListItem","position":1,"name":"Home","item":"https:\/\/www.emf-sg.ch\/"},{"@type":"ListItem","position":2,"name":"Unser Klublokal, Klubanlage"}]},{"@type":"WebSite","@id":"https:\/\/www.emf-sg.ch\/#website","url":"https:\/\/www.emf-sg.ch\/","name":"EMF St. Gallen","description":"Die Eisenbahn- und Modellbau- Freunde in St.Gallen","potentialAction":[{"@type":"SearchAction","target":{"@type":"EntryPoint","urlTemplate":"https:\/\/www.emf-sg.ch\/?s={search_term_string}"},"query-input":{"@type":"PropertyValueSpecification","valueRequired":true,"valueName":"search_term_string"}}],"inLanguage":"de"}]}},"jetpack_sharing_enabled":true,"_links":{"self":[{"href":"https:\/\/www.emf-sg.ch\/index.php?rest_route=\/wp\/v2\/pages\/269","targetHints":{"allow":["GET"]}}],"collection":[{"href":"https:\/\/www.emf-sg.ch\/index.php?rest_route=\/wp\/v2\/pages"}],"about":[{"href":"https:\/\/www.emf-sg.ch\/index.php?rest_route=\/wp\/v2\/types\/page"}],"author":[{"embeddable":true,"href":"https:\/\/www.emf-sg.ch\/index.php?rest_route=\/wp\/v2\/users\/4"}],"replies":[{"embeddable":true,"href":"https:\/\/www.emf-sg.ch\/index.php?rest_route=%2Fwp%2Fv2%2Fcomments&post=269"}],"version-history":[{"count":5,"href":"https:\/\/www.emf-sg.ch\/index.php?rest_route=\/wp\/v2\/pages\/269\/revisions"}],"predecessor-version":[{"id":1104,"href":"https:\/\/www.emf-sg.ch\/index.php?rest_route=\/wp\/v2\/pages\/269\/revisions\/1104"}],"wp:attachment":[{"href":"https:\/\/www.emf-sg.ch\/index.php?rest_route=%2Fwp%2Fv2%2Fmedia&parent=269"}],"curies":[{"name":"wp","href":"https:\/\/api.w.org\/{rel}","templated":true}]}}