{"id":371,"date":"2025-03-01T11:50:51","date_gmt":"2025-03-01T11:50:51","guid":{"rendered":"https:\/\/www.emf-sg.ch\/?page_id=371"},"modified":"2025-03-29T10:51:57","modified_gmt":"2025-03-29T10:51:57","slug":"ueber-unseren-verein","status":"publish","type":"page","link":"https:\/\/www.emf-sg.ch\/?page_id=371","title":{"rendered":"\u00dcber unseren Verein"},"content":{"rendered":"\n<p><strong>Eine kurze Vorstellung:<\/strong><\/p>\n\n\n\n<p>Die Eisenbahn- und Modellbau- Freunde St. Gallen (EMF) sind ein Verein von Gleichgesinnten, der die Pflege unseres sch\u00f6nen Hobbys zum Ziel hat. Er wurde 1939 gegr\u00fcndet und hat ca. 60 aktive und passive Mitglieder. Wir treffen uns in der Regel zweimal monatlich zu verschiedenen Anl\u00e4ssen. Schauen Sie doch einmal unverbindlich bei uns herein! Wir freuen uns auf Sie.<\/p>\n\n\n\n<p>Wir besitzen eine umfangreiche Fachbibliothek mit B\u00fcchern, Heften und Videos zum Thema Eisenbahn. Sie steht gratis allen Mitgliedern offen. Unser Bibliothekar ber\u00e4t gerne. Bibliothekstunde ist jeweils an jedem Vereinsanlass im Klublokal.<\/p>\n\n\n\n<p>Wir treffen uns normalerweise am 2. Mittwoch im Monat um 19.30 Uhr zur Monatsversammlung (Bild- und Film-Vortr\u00e4ge etc.) im Klublokal. Am 4. Mittwoch im Monat ab 19.00 Uhr findet jeweils der Bau- und Fahrabend an unserer H0-\/ H0m-Modul-Eisenbahnanlage statt, die sich ebenfalls im Klublokal befindet. Mit unserem \u201eSchwelle-Beizli\u201c ist an allen Anl\u00e4ssen auch f\u00fcr die Bewirtung mit einer Auswahl an Getr\u00e4nken gesorgt, und der Reingewinn daraus kommt der Vereinskasse zugute.<\/p>\n\n\n\n<p>Auch eine j\u00e4hrliche Klubreise und sporadische Exkursionen stehen auf unserem Programm.<\/p>\n\n\n\n<p>Unsere Modulanlage ist in H0 (Massstab 1:87) und H0m (dazu passende Schmalspur) aufgebaut. Es kann darauf Fahrbetrieb gemacht werden und es wird auch immer weiter gebaut und verbessert.<\/p>\n\n\n\n<p>Im Aktivmitglied-Vereinsbeitrag ist auch ein Jahres-Abonnement der Zeitschrift \u201eEisenbahn Amateur\u201c inbegriffen. Es besteht aber auch die M\u00f6glichkeit, G\u00f6nnermitglied zu sein (reduzierter Vereinsbeitrag, ohne Stimm-\/Wahlrecht und ohne Zeitschriftenabo). N\u00e4heres dazu ist im Kapitel \u201eInformationen f\u00fcr Neumitglieder\u201c zu finden.<\/p>\n\n\n\n<p><\/p>\n","protected":false},"excerpt":{"rendered":"<p>Eine kurze Vorstellung: Die Eisenbahn- und Modellbau- Freunde St. Gallen (EMF) sind ein Verein von Gleichgesinnten, der die Pflege unseres&hellip;<\/p>\n","protected":false},"author":4,"featured_media":0,"parent":0,"menu_order":0,"comment_status":"closed","ping_status":"closed","template":"","meta":{"footnotes":""},"class_list":["post-371","page","type-page","status-publish","hentry"],"yoast_head":"<!-- This site is optimized with the Yoast SEO plugin v26.8 - https:\/\/yoast.com\/product\/yoast-seo-wordpress\/ -->\n<title>\u00dcber unseren Verein - EMF St. Gallen<\/title>\n<meta name=\"robots\" content=\"index, follow, max-snippet:-1, max-image-preview:large, max-video-preview:-1\" \/>\n<link rel=\"canonical\" href=\"https:\/\/www.emf-sg.ch\/?page_id=371\" \/>\n<meta property=\"og:locale\" content=\"de_DE\" \/>\n<meta property=\"og:type\" content=\"article\" \/>\n<meta property=\"og:title\" content=\"\u00dcber unseren Verein - EMF St. Gallen\" \/>\n<meta property=\"og:description\" content=\"Eine kurze Vorstellung: Die Eisenbahn- und Modellbau- Freunde St. Gallen (EMF) sind ein Verein von Gleichgesinnten, der die Pflege unseres&hellip;\" \/>\n<meta property=\"og:url\" content=\"https:\/\/www.emf-sg.ch\/?page_id=371\" \/>\n<meta property=\"og:site_name\" content=\"EMF St. Gallen\" \/>\n<meta property=\"article:modified_time\" content=\"2025-03-29T10:51:57+00:00\" \/>\n<meta name=\"twitter:card\" content=\"summary_large_image\" \/>\n<meta name=\"twitter:label1\" content=\"Gesch\u00e4tzte Lesezeit\" \/>\n\t<meta name=\"twitter:data1\" content=\"2\u00a0Minuten\" \/>\n<script type=\"application\/ld+json\" class=\"yoast-schema-graph\">{\"@context\":\"https:\/\/schema.org\",\"@graph\":[{\"@type\":\"WebPage\",\"@id\":\"https:\/\/www.emf-sg.ch\/?page_id=371\",\"url\":\"https:\/\/www.emf-sg.ch\/?page_id=371\",\"name\":\"\u00dcber unseren Verein - EMF St. Gallen\",\"isPartOf\":{\"@id\":\"https:\/\/www.emf-sg.ch\/#website\"},\"datePublished\":\"2025-03-01T11:50:51+00:00\",\"dateModified\":\"2025-03-29T10:51:57+00:00\",\"breadcrumb\":{\"@id\":\"https:\/\/www.emf-sg.ch\/?page_id=371#breadcrumb\"},\"inLanguage\":\"de\",\"potentialAction\":[{\"@type\":\"ReadAction\",\"target\":[\"https:\/\/www.emf-sg.ch\/?page_id=371\"]}]},{\"@type\":\"BreadcrumbList\",\"@id\":\"https:\/\/www.emf-sg.ch\/?page_id=371#breadcrumb\",\"itemListElement\":[{\"@type\":\"ListItem\",\"position\":1,\"name\":\"Home\",\"item\":\"https:\/\/www.emf-sg.ch\/\"},{\"@type\":\"ListItem\",\"position\":2,\"name\":\"\u00dcber unseren Verein\"}]},{\"@type\":\"WebSite\",\"@id\":\"https:\/\/www.emf-sg.ch\/#website\",\"url\":\"https:\/\/www.emf-sg.ch\/\",\"name\":\"EMF St. Gallen\",\"description\":\"Die Eisenbahn- und Modellbau- Freunde in St.Gallen\",\"potentialAction\":[{\"@type\":\"SearchAction\",\"target\":{\"@type\":\"EntryPoint\",\"urlTemplate\":\"https:\/\/www.emf-sg.ch\/?s={search_term_string}\"},\"query-input\":{\"@type\":\"PropertyValueSpecification\",\"valueRequired\":true,\"valueName\":\"search_term_string\"}}],\"inLanguage\":\"de\"}]}<\/script>\n<!-- \/ Yoast SEO plugin. -->","yoast_head_json":{"title":"\u00dcber unseren Verein - EMF St. Gallen","robots":{"index":"index","follow":"follow","max-snippet":"max-snippet:-1","max-image-preview":"max-image-preview:large","max-video-preview":"max-video-preview:-1"},"canonical":"https:\/\/www.emf-sg.ch\/?page_id=371","og_locale":"de_DE","og_type":"article","og_title":"\u00dcber unseren Verein - EMF St. Gallen","og_description":"Eine kurze Vorstellung: Die Eisenbahn- und Modellbau- Freunde St. Gallen (EMF) sind ein Verein von Gleichgesinnten, der die Pflege unseres&hellip;","og_url":"https:\/\/www.emf-sg.ch\/?page_id=371","og_site_name":"EMF St. Gallen","article_modified_time":"2025-03-29T10:51:57+00:00","twitter_card":"summary_large_image","twitter_misc":{"Gesch\u00e4tzte Lesezeit":"2\u00a0Minuten"},"schema":{"@context":"https:\/\/schema.org","@graph":[{"@type":"WebPage","@id":"https:\/\/www.emf-sg.ch\/?page_id=371","url":"https:\/\/www.emf-sg.ch\/?page_id=371","name":"\u00dcber unseren Verein - EMF St. Gallen","isPartOf":{"@id":"https:\/\/www.emf-sg.ch\/#website"},"datePublished":"2025-03-01T11:50:51+00:00","dateModified":"2025-03-29T10:51:57+00:00","breadcrumb":{"@id":"https:\/\/www.emf-sg.ch\/?page_id=371#breadcrumb"},"inLanguage":"de","potentialAction":[{"@type":"ReadAction","target":["https:\/\/www.emf-sg.ch\/?page_id=371"]}]},{"@type":"BreadcrumbList","@id":"https:\/\/www.emf-sg.ch\/?page_id=371#breadcrumb","itemListElement":[{"@type":"ListItem","position":1,"name":"Home","item":"https:\/\/www.emf-sg.ch\/"},{"@type":"ListItem","position":2,"name":"\u00dcber unseren Verein"}]},{"@type":"WebSite","@id":"https:\/\/www.emf-sg.ch\/#website","url":"https:\/\/www.emf-sg.ch\/","name":"EMF St. Gallen","description":"Die Eisenbahn- und Modellbau- Freunde in St.Gallen","potentialAction":[{"@type":"SearchAction","target":{"@type":"EntryPoint","urlTemplate":"https:\/\/www.emf-sg.ch\/?s={search_term_string}"},"query-input":{"@type":"PropertyValueSpecification","valueRequired":true,"valueName":"search_term_string"}}],"inLanguage":"de"}]}},"jetpack_sharing_enabled":true,"_links":{"self":[{"href":"https:\/\/www.emf-sg.ch\/index.php?rest_route=\/wp\/v2\/pages\/371","targetHints":{"allow":["GET"]}}],"collection":[{"href":"https:\/\/www.emf-sg.ch\/index.php?rest_route=\/wp\/v2\/pages"}],"about":[{"href":"https:\/\/www.emf-sg.ch\/index.php?rest_route=\/wp\/v2\/types\/page"}],"author":[{"embeddable":true,"href":"https:\/\/www.emf-sg.ch\/index.php?rest_route=\/wp\/v2\/users\/4"}],"replies":[{"embeddable":true,"href":"https:\/\/www.emf-sg.ch\/index.php?rest_route=%2Fwp%2Fv2%2Fcomments&post=371"}],"version-history":[{"count":5,"href":"https:\/\/www.emf-sg.ch\/index.php?rest_route=\/wp\/v2\/pages\/371\/revisions"}],"predecessor-version":[{"id":723,"href":"https:\/\/www.emf-sg.ch\/index.php?rest_route=\/wp\/v2\/pages\/371\/revisions\/723"}],"wp:attachment":[{"href":"https:\/\/www.emf-sg.ch\/index.php?rest_route=%2Fwp%2Fv2%2Fmedia&parent=371"}],"curies":[{"name":"wp","href":"https:\/\/api.w.org\/{rel}","templated":true}]}}