{"id":378,"date":"2025-03-01T12:19:07","date_gmt":"2025-03-01T12:19:07","guid":{"rendered":"https:\/\/www.emf-sg.ch\/?page_id=378"},"modified":"2025-03-29T11:11:40","modified_gmt":"2025-03-29T11:11:40","slug":"presse-und-literatur-ueber-unseren-verein","status":"publish","type":"page","link":"https:\/\/www.emf-sg.ch\/?page_id=378","title":{"rendered":"Presse und Literatur \u00fcber unseren Verein"},"content":{"rendered":"\n<p><strong>In diversen Magazinen wurde bereits \u00fcber die EMF St. Gallen geschrieben. Nachstehend eine (unvollst\u00e4ndige) Liste von Titeln, in denen direkt oder im Zusammenhang mit den EMF \u00fcber unseren Verein etwas nachzulesen ist. Gerne nehmen wir Hinweise \u00fcber weitere Artikel entgegen, um diese Liste zu erg\u00e4nzen.<\/strong><\/p>\n\n\n\n<p>Eisenbahn-Amateur, M\u00e4rz 1949: Titel &#8222;Sondernummer 10 Jahre Eisenbahn- und Modellbaufreunde St. Gallen&#8220; (!), Artikel &#8222;10 Jahre E.M.F. St. Gallen&#8220; von Dr. Otto Werder, Pr\u00e4s. EMF<\/p>\n\n\n\n<p>Eisenbahn-Amateur, Januar 1951: Artikel &#8222;R\u00fcckblick auf die Modelleisenbahn-Ausstellung der EMF St. Gallen 1949&#8220; von Dr. Otto Werder, Pr\u00e4s. EMF<\/p>\n\n\n\n<p>Eisenbahn Amateur 11\/89: Artikel &#8222;Die MobauTech in St. Gallen&#8220; von MobauTech\/ts<\/p>\n\n\n\n<p>Eisenbahn Amateur 9\/99: Artikel &#8222;60 Jahre EMF St. Gallen&#8220; von Dr. Hansj\u00f6rg Werder, EMF<\/p>\n\n\n\n<p>LOKI 11\/1999: &#8222;Modul? Modul! Standortbestimmung im Modulbau zum Jubil\u00e4um mit den Eisenbahn- und Modellbau- Freunden St. Gallen&#8220; von Roland Kink, EMF<\/p>\n\n\n\n<p>EMF St. Gallen 1939-1999: Jubil\u00e4umsschrift, diverse Autoren<\/p>\n\n\n\n<p>SBB-Zeitung (Mitarbeiter-Informationen) 2\/2001: &#8222;Modellanlage St. Gallen verschwindet &#8211; die Erinnerungen bleiben&#8220; von Werner Nef<\/p>\n\n\n\n<p>LOKI 7-8\/2002: &#8222;Der letzte Zug nach Zetthausen &#8211; Aus f\u00fcr die \u00e4lteste der drei SBB-Ausbildungsanlagen&#8220; von Roland Kink, EMF<\/p>\n\n\n\n<p>&#8222;W\u00e4lderb\u00e4hnle aktuell&#8220;, Heft 32 &#8211; Dezember 2008 (Mitteilungsblatt des Vereins Bregenzerwaldbahn &#8211; Museumsbahn): &#8222;Die Eisenbahn- und Modellbau- Freunde (EMF) St. Gallen &#8211; eine Vorstellung des Vereins&#8220; von Markus Schawalder, Pr\u00e4s. EMF<\/p>\n\n\n\n<p>&#8222;Het Peilglas&#8220;, Clubkrant nummer 78, Modelspoor Club Noord Nederland (2014): &#8222;75 jaar Eisenbahn und Modellbau Freunde St. Gallen&#8220; von Geert de Kleine, EMF und Willem Strabbing<\/p>\n\n\n\n<p>Eisenbahn Amateur 11\/2014: Artikel &#8222;75 Jahre Eisenbahn- und Modellbau- Freunde St. Gallen EMF&#8220; von Markus Schawalder, Pr\u00e4s. EMF<\/p>\n\n\n\n<figure class=\"wp-block-image size-large\"><img fetchpriority=\"high\" decoding=\"async\" width=\"768\" height=\"1024\" src=\"https:\/\/www.emf-sg.ch\/wp-content\/uploads\/2025\/03\/20250303_175041-768x1024.jpg\" alt=\"\" class=\"wp-image-581\" srcset=\"https:\/\/www.emf-sg.ch\/wp-content\/uploads\/2025\/03\/20250303_175041-768x1024.jpg 768w, https:\/\/www.emf-sg.ch\/wp-content\/uploads\/2025\/03\/20250303_175041-225x300.jpg 225w, https:\/\/www.emf-sg.ch\/wp-content\/uploads\/2025\/03\/20250303_175041-1152x1536.jpg 1152w, https:\/\/www.emf-sg.ch\/wp-content\/uploads\/2025\/03\/20250303_175041-1536x2048.jpg 1536w, https:\/\/www.emf-sg.ch\/wp-content\/uploads\/2025\/03\/20250303_175041-1600x2133.jpg 1600w, https:\/\/www.emf-sg.ch\/wp-content\/uploads\/2025\/03\/20250303_175041-scaled.jpg 1920w\" sizes=\"(max-width: 768px) 100vw, 768px\" \/><\/figure>\n","protected":false},"excerpt":{"rendered":"<p>In diversen Magazinen wurde bereits \u00fcber die EMF St. Gallen geschrieben. Nachstehend eine (unvollst\u00e4ndige) Liste von Titeln, in denen direkt&hellip;<\/p>\n","protected":false},"author":4,"featured_media":0,"parent":0,"menu_order":0,"comment_status":"closed","ping_status":"closed","template":"","meta":{"footnotes":""},"class_list":["post-378","page","type-page","status-publish","hentry"],"yoast_head":"<!-- This site is optimized with the Yoast SEO plugin v26.8 - https:\/\/yoast.com\/product\/yoast-seo-wordpress\/ -->\n<title>Presse und Literatur \u00fcber unseren Verein - EMF St. Gallen<\/title>\n<meta name=\"robots\" content=\"index, follow, max-snippet:-1, max-image-preview:large, max-video-preview:-1\" \/>\n<link rel=\"canonical\" href=\"https:\/\/www.emf-sg.ch\/?page_id=378\" \/>\n<meta property=\"og:locale\" content=\"de_DE\" \/>\n<meta property=\"og:type\" content=\"article\" \/>\n<meta property=\"og:title\" content=\"Presse und Literatur \u00fcber unseren Verein - EMF St. Gallen\" \/>\n<meta property=\"og:description\" content=\"In diversen Magazinen wurde bereits \u00fcber die EMF St. Gallen geschrieben. Nachstehend eine (unvollst\u00e4ndige) Liste von Titeln, in denen direkt&hellip;\" \/>\n<meta property=\"og:url\" content=\"https:\/\/www.emf-sg.ch\/?page_id=378\" \/>\n<meta property=\"og:site_name\" content=\"EMF St. Gallen\" \/>\n<meta property=\"article:modified_time\" content=\"2025-03-29T11:11:40+00:00\" \/>\n<meta property=\"og:image\" content=\"https:\/\/www.emf-sg.ch\/wp-content\/uploads\/2025\/03\/20250303_175041-scaled.jpg\" \/>\n\t<meta property=\"og:image:width\" content=\"1920\" \/>\n\t<meta property=\"og:image:height\" content=\"2560\" \/>\n\t<meta property=\"og:image:type\" content=\"image\/jpeg\" \/>\n<meta name=\"twitter:card\" content=\"summary_large_image\" \/>\n<meta name=\"twitter:label1\" content=\"Gesch\u00e4tzte Lesezeit\" \/>\n\t<meta name=\"twitter:data1\" content=\"2\u00a0Minuten\" \/>\n<script type=\"application\/ld+json\" class=\"yoast-schema-graph\">{\"@context\":\"https:\/\/schema.org\",\"@graph\":[{\"@type\":\"WebPage\",\"@id\":\"https:\/\/www.emf-sg.ch\/?page_id=378\",\"url\":\"https:\/\/www.emf-sg.ch\/?page_id=378\",\"name\":\"Presse und Literatur \u00fcber unseren Verein - EMF St. Gallen\",\"isPartOf\":{\"@id\":\"https:\/\/www.emf-sg.ch\/#website\"},\"primaryImageOfPage\":{\"@id\":\"https:\/\/www.emf-sg.ch\/?page_id=378#primaryimage\"},\"image\":{\"@id\":\"https:\/\/www.emf-sg.ch\/?page_id=378#primaryimage\"},\"thumbnailUrl\":\"https:\/\/www.emf-sg.ch\/wp-content\/uploads\/2025\/03\/20250303_175041-768x1024.jpg\",\"datePublished\":\"2025-03-01T12:19:07+00:00\",\"dateModified\":\"2025-03-29T11:11:40+00:00\",\"breadcrumb\":{\"@id\":\"https:\/\/www.emf-sg.ch\/?page_id=378#breadcrumb\"},\"inLanguage\":\"de\",\"potentialAction\":[{\"@type\":\"ReadAction\",\"target\":[\"https:\/\/www.emf-sg.ch\/?page_id=378\"]}]},{\"@type\":\"ImageObject\",\"inLanguage\":\"de\",\"@id\":\"https:\/\/www.emf-sg.ch\/?page_id=378#primaryimage\",\"url\":\"https:\/\/www.emf-sg.ch\/wp-content\/uploads\/2025\/03\/20250303_175041-scaled.jpg\",\"contentUrl\":\"https:\/\/www.emf-sg.ch\/wp-content\/uploads\/2025\/03\/20250303_175041-scaled.jpg\",\"width\":1920,\"height\":2560},{\"@type\":\"BreadcrumbList\",\"@id\":\"https:\/\/www.emf-sg.ch\/?page_id=378#breadcrumb\",\"itemListElement\":[{\"@type\":\"ListItem\",\"position\":1,\"name\":\"Home\",\"item\":\"https:\/\/www.emf-sg.ch\/\"},{\"@type\":\"ListItem\",\"position\":2,\"name\":\"Presse und Literatur \u00fcber unseren Verein\"}]},{\"@type\":\"WebSite\",\"@id\":\"https:\/\/www.emf-sg.ch\/#website\",\"url\":\"https:\/\/www.emf-sg.ch\/\",\"name\":\"EMF St. Gallen\",\"description\":\"Die Eisenbahn- und Modellbau- Freunde in St.Gallen\",\"potentialAction\":[{\"@type\":\"SearchAction\",\"target\":{\"@type\":\"EntryPoint\",\"urlTemplate\":\"https:\/\/www.emf-sg.ch\/?s={search_term_string}\"},\"query-input\":{\"@type\":\"PropertyValueSpecification\",\"valueRequired\":true,\"valueName\":\"search_term_string\"}}],\"inLanguage\":\"de\"}]}<\/script>\n<!-- \/ Yoast SEO plugin. -->","yoast_head_json":{"title":"Presse und Literatur \u00fcber unseren Verein - EMF St. Gallen","robots":{"index":"index","follow":"follow","max-snippet":"max-snippet:-1","max-image-preview":"max-image-preview:large","max-video-preview":"max-video-preview:-1"},"canonical":"https:\/\/www.emf-sg.ch\/?page_id=378","og_locale":"de_DE","og_type":"article","og_title":"Presse und Literatur \u00fcber unseren Verein - EMF St. Gallen","og_description":"In diversen Magazinen wurde bereits \u00fcber die EMF St. Gallen geschrieben. Nachstehend eine (unvollst\u00e4ndige) Liste von Titeln, in denen direkt&hellip;","og_url":"https:\/\/www.emf-sg.ch\/?page_id=378","og_site_name":"EMF St. Gallen","article_modified_time":"2025-03-29T11:11:40+00:00","og_image":[{"width":1920,"height":2560,"url":"https:\/\/www.emf-sg.ch\/wp-content\/uploads\/2025\/03\/20250303_175041-scaled.jpg","type":"image\/jpeg"}],"twitter_card":"summary_large_image","twitter_misc":{"Gesch\u00e4tzte Lesezeit":"2\u00a0Minuten"},"schema":{"@context":"https:\/\/schema.org","@graph":[{"@type":"WebPage","@id":"https:\/\/www.emf-sg.ch\/?page_id=378","url":"https:\/\/www.emf-sg.ch\/?page_id=378","name":"Presse und Literatur \u00fcber unseren Verein - EMF St. Gallen","isPartOf":{"@id":"https:\/\/www.emf-sg.ch\/#website"},"primaryImageOfPage":{"@id":"https:\/\/www.emf-sg.ch\/?page_id=378#primaryimage"},"image":{"@id":"https:\/\/www.emf-sg.ch\/?page_id=378#primaryimage"},"thumbnailUrl":"https:\/\/www.emf-sg.ch\/wp-content\/uploads\/2025\/03\/20250303_175041-768x1024.jpg","datePublished":"2025-03-01T12:19:07+00:00","dateModified":"2025-03-29T11:11:40+00:00","breadcrumb":{"@id":"https:\/\/www.emf-sg.ch\/?page_id=378#breadcrumb"},"inLanguage":"de","potentialAction":[{"@type":"ReadAction","target":["https:\/\/www.emf-sg.ch\/?page_id=378"]}]},{"@type":"ImageObject","inLanguage":"de","@id":"https:\/\/www.emf-sg.ch\/?page_id=378#primaryimage","url":"https:\/\/www.emf-sg.ch\/wp-content\/uploads\/2025\/03\/20250303_175041-scaled.jpg","contentUrl":"https:\/\/www.emf-sg.ch\/wp-content\/uploads\/2025\/03\/20250303_175041-scaled.jpg","width":1920,"height":2560},{"@type":"BreadcrumbList","@id":"https:\/\/www.emf-sg.ch\/?page_id=378#breadcrumb","itemListElement":[{"@type":"ListItem","position":1,"name":"Home","item":"https:\/\/www.emf-sg.ch\/"},{"@type":"ListItem","position":2,"name":"Presse und Literatur \u00fcber unseren Verein"}]},{"@type":"WebSite","@id":"https:\/\/www.emf-sg.ch\/#website","url":"https:\/\/www.emf-sg.ch\/","name":"EMF St. Gallen","description":"Die Eisenbahn- und Modellbau- Freunde in St.Gallen","potentialAction":[{"@type":"SearchAction","target":{"@type":"EntryPoint","urlTemplate":"https:\/\/www.emf-sg.ch\/?s={search_term_string}"},"query-input":{"@type":"PropertyValueSpecification","valueRequired":true,"valueName":"search_term_string"}}],"inLanguage":"de"}]}},"jetpack_sharing_enabled":true,"_links":{"self":[{"href":"https:\/\/www.emf-sg.ch\/index.php?rest_route=\/wp\/v2\/pages\/378","targetHints":{"allow":["GET"]}}],"collection":[{"href":"https:\/\/www.emf-sg.ch\/index.php?rest_route=\/wp\/v2\/pages"}],"about":[{"href":"https:\/\/www.emf-sg.ch\/index.php?rest_route=\/wp\/v2\/types\/page"}],"author":[{"embeddable":true,"href":"https:\/\/www.emf-sg.ch\/index.php?rest_route=\/wp\/v2\/users\/4"}],"replies":[{"embeddable":true,"href":"https:\/\/www.emf-sg.ch\/index.php?rest_route=%2Fwp%2Fv2%2Fcomments&post=378"}],"version-history":[{"count":6,"href":"https:\/\/www.emf-sg.ch\/index.php?rest_route=\/wp\/v2\/pages\/378\/revisions"}],"predecessor-version":[{"id":728,"href":"https:\/\/www.emf-sg.ch\/index.php?rest_route=\/wp\/v2\/pages\/378\/revisions\/728"}],"wp:attachment":[{"href":"https:\/\/www.emf-sg.ch\/index.php?rest_route=%2Fwp%2Fv2%2Fmedia&parent=378"}],"curies":[{"name":"wp","href":"https:\/\/api.w.org\/{rel}","templated":true}]}}