{"id":8,"date":"2020-03-02T14:20:30","date_gmt":"2020-03-02T14:20:30","guid":{"rendered":"https:\/\/www.emf-sg.ch\/?page_id=8"},"modified":"2026-03-01T16:33:42","modified_gmt":"2026-03-01T16:33:42","slug":"das-neue-museum-oeffnet-seine-tueren-2","status":"publish","type":"page","link":"https:\/\/www.emf-sg.ch\/","title":{"rendered":"Herzlich Willkommen&#8230;"},"content":{"rendered":"\n<div class=\"wp-block-group alignwide\"><div class=\"wp-block-group__inner-container is-layout-flow wp-block-group-is-layout-flow\">\n<h2>&#8230;bei den Eisenbahn- und Modellbau- Freunden (EMF) St. Gallen<\/h2>\n<\/div><\/div>\n\n\n\n<hr class=\"wp-block-separator has-text-color has-primary-color has-css-opacity has-primary-background-color has-background is-style-wide\"\/>\n\n\n<div class=\"wp-block-image\">\n<figure class=\"aligncenter size-large is-resized\"><img fetchpriority=\"high\" decoding=\"async\" width=\"1024\" height=\"768\" src=\"https:\/\/www.emf-sg.ch\/wp-content\/uploads\/2025\/02\/EMF-Logo-1-1024x768.jpg\" alt=\"\" class=\"wp-image-242\" style=\"width:300px\" srcset=\"https:\/\/www.emf-sg.ch\/wp-content\/uploads\/2025\/02\/EMF-Logo-1-1024x768.jpg 1024w, https:\/\/www.emf-sg.ch\/wp-content\/uploads\/2025\/02\/EMF-Logo-1-300x225.jpg 300w, https:\/\/www.emf-sg.ch\/wp-content\/uploads\/2025\/02\/EMF-Logo-1-768x576.jpg 768w, https:\/\/www.emf-sg.ch\/wp-content\/uploads\/2025\/02\/EMF-Logo-1-1536x1152.jpg 1536w, https:\/\/www.emf-sg.ch\/wp-content\/uploads\/2025\/02\/EMF-Logo-1-2048x1536.jpg 2048w, https:\/\/www.emf-sg.ch\/wp-content\/uploads\/2025\/02\/EMF-Logo-1-1600x1200.jpg 1600w\" sizes=\"(max-width: 1024px) 100vw, 1024px\" \/><\/figure><\/div>\n\n\n<p><strong>Liebe G\u00e4ste und Besucher<\/strong><\/p>\n\n\n\n<p><strong>Unser EMF-Jahresprogramm ist gleich hier, unten auf der Startseite zu finden. Weitere Informationen und Fotos sind unter den einzelnen Kapiteln abrufbar.<\/strong> In losen Abst\u00e4nden werden die Kapitel immer wieder erg\u00e4nzt und erweitert.<\/p>\n\n\n\n<p><strong>Wir freuen uns, wenn Sie sich f\u00fcr uns interessieren und unsere Anl\u00e4sse besuchen. Wenn Sie weitere Informationen w\u00fcnschen oder Anregungen haben, senden Sie uns bitte eine Mitteilung mit dem Link \u00abKontakt\u00bb.<\/strong> Wir m\u00f6chten darauf hinweisen, dass wir keinen Handel mit Modelleisenbahnen, Nachl\u00e4ssen u.\u00e4. betreiben. Wir sind ein Verein, der das gemeinsame Hobby betreibt. Den An- und Verkauf von Modellbahnmaterial \u00fcberlassen wir den Fachgesch\u00e4ften und B\u00f6rsenh\u00e4ndlern.<\/p>\n\n\n\n<p><strong>Freundliche Gr\u00fcsse<\/strong><\/p>\n\n\n\n<p><strong>Eisenbahn- und Modellbau- Freunde St. Gallen<\/strong><\/p>\n\n\n\n<hr class=\"wp-block-separator has-text-color has-primary-color has-css-opacity has-primary-background-color has-background is-style-wide\"\/>\n\n\n<div class=\"wp-block-image\">\n<figure class=\"aligncenter size-large is-resized\"><img decoding=\"async\" width=\"1024\" height=\"768\" src=\"https:\/\/www.emf-sg.ch\/wp-content\/uploads\/2025\/03\/20250309_113320-1024x768.jpg\" alt=\"\" class=\"wp-image-577\" style=\"width:292px;height:auto\" srcset=\"https:\/\/www.emf-sg.ch\/wp-content\/uploads\/2025\/03\/20250309_113320-1024x768.jpg 1024w, https:\/\/www.emf-sg.ch\/wp-content\/uploads\/2025\/03\/20250309_113320-300x225.jpg 300w, https:\/\/www.emf-sg.ch\/wp-content\/uploads\/2025\/03\/20250309_113320-768x576.jpg 768w, https:\/\/www.emf-sg.ch\/wp-content\/uploads\/2025\/03\/20250309_113320-1536x1152.jpg 1536w, https:\/\/www.emf-sg.ch\/wp-content\/uploads\/2025\/03\/20250309_113320-2048x1536.jpg 2048w, https:\/\/www.emf-sg.ch\/wp-content\/uploads\/2025\/03\/20250309_113320-1600x1200.jpg 1600w\" sizes=\"(max-width: 1024px) 100vw, 1024px\" \/><\/figure><\/div>\n\n\n<p><strong><em><mark style=\"background-color:#FCA6AB\" class=\"has-inline-color has-primary-color\">Aktuelles EMF &#8211; Jahresprogramm hier herunterladen:<\/mark><\/em><\/strong><\/p>\n\n\n\n<div class=\"wp-block-file\"><a id=\"wp-block-file--media-3e8171b3-9ebd-4cc9-909e-ba103dfe34b9\" href=\"https:\/\/www.emf-sg.ch\/wp-content\/uploads\/2026\/02\/EMF_Jahresprogramm_2026_2.pdf\" target=\"_blank\" rel=\"noreferrer noopener\">EMF_Jahresprogramm_2026_2<\/a><a href=\"https:\/\/www.emf-sg.ch\/wp-content\/uploads\/2026\/02\/EMF_Jahresprogramm_2026_2.pdf\" class=\"wp-block-file__button wp-element-button\" download aria-describedby=\"wp-block-file--media-3e8171b3-9ebd-4cc9-909e-ba103dfe34b9\">Herunterladen<\/a><\/div>\n\n\n\n<p><\/p>\n\n\n\n<p>&#8230;<\/p>\n\n\n\n<p>&#8230;<\/p>\n\n\n\n<p><strong>Letzte Eintr\u00e4ge &#8211; was ist neu&#8230;?<\/strong><\/p>\n\n\n\n<p>01.03.26: Wieder einmal eine ganze Handvoll neuer Fotos, in den neu erstellten Kapiteln &#8222;Klubreisen fr\u00fcher&#8220; und &#8222;Ausstellungen&#8220; und &#8222;Exkursionen\/Extrafahrten&#8220;. Viel Spass beim Anschauen!<\/p>\n\n\n\n<p>25.02.26: Das Jahresprogramm ist aktualisiert und bereits sind alle Vortragsthemen bekannt. Die Bibliothek-Neuheitenliste 2025 ist online.<\/p>\n\n\n\n<p>11.11.25: Die erste Ausgabe des Jahresprogramms 2026 ist einsehbar.<\/p>\n\n\n\n<p>08.09.25: Die Bilder unserer Klubreise in den Oberaargau sind online.<\/p>\n\n\n\n<p><\/p>\n\n\n\n<p><\/p>\n\n\n\n<p><\/p>\n","protected":false},"excerpt":{"rendered":"<p>&#8230;bei den Eisenbahn- und Modellbau- Freunden (EMF) St. Gallen Liebe G\u00e4ste und Besucher Unser EMF-Jahresprogramm ist gleich hier, unten auf&hellip;<\/p>\n","protected":false},"author":4,"featured_media":30,"parent":0,"menu_order":0,"comment_status":"closed","ping_status":"closed","template":"","meta":{"footnotes":""},"class_list":["post-8","page","type-page","status-publish","has-post-thumbnail","hentry"],"yoast_head":"<!-- This site is optimized with the Yoast SEO plugin v26.8 - https:\/\/yoast.com\/product\/yoast-seo-wordpress\/ -->\n<title>Herzlich Willkommen... - EMF St. Gallen<\/title>\n<meta name=\"robots\" content=\"index, follow, max-snippet:-1, max-image-preview:large, max-video-preview:-1\" \/>\n<link rel=\"canonical\" href=\"https:\/\/www.emf-sg.ch\/\" \/>\n<meta property=\"og:locale\" content=\"de_DE\" \/>\n<meta property=\"og:type\" content=\"article\" \/>\n<meta property=\"og:title\" content=\"Herzlich Willkommen... - EMF St. Gallen\" \/>\n<meta property=\"og:description\" content=\"&#8230;bei den Eisenbahn- und Modellbau- Freunden (EMF) St. Gallen Liebe G\u00e4ste und Besucher Unser EMF-Jahresprogramm ist gleich hier, unten auf&hellip;\" \/>\n<meta property=\"og:url\" content=\"https:\/\/www.emf-sg.ch\/\" \/>\n<meta property=\"og:site_name\" content=\"EMF St. Gallen\" \/>\n<meta property=\"article:modified_time\" content=\"2026-03-01T16:33:42+00:00\" \/>\n<meta property=\"og:image\" content=\"https:\/\/www.emf-sg.ch\/wp-content\/uploads\/2020\/03\/IMG_0732-e1613333338899.jpg\" \/>\n\t<meta property=\"og:image:width\" content=\"710\" \/>\n\t<meta property=\"og:image:height\" content=\"320\" \/>\n\t<meta property=\"og:image:type\" content=\"image\/jpeg\" \/>\n<meta name=\"twitter:card\" content=\"summary_large_image\" \/>\n<meta name=\"twitter:label1\" content=\"Gesch\u00e4tzte Lesezeit\" \/>\n\t<meta name=\"twitter:data1\" content=\"2\u00a0Minuten\" \/>\n<script type=\"application\/ld+json\" class=\"yoast-schema-graph\">{\"@context\":\"https:\/\/schema.org\",\"@graph\":[{\"@type\":\"WebPage\",\"@id\":\"https:\/\/www.emf-sg.ch\/\",\"url\":\"https:\/\/www.emf-sg.ch\/\",\"name\":\"Herzlich Willkommen... - EMF St. Gallen\",\"isPartOf\":{\"@id\":\"https:\/\/www.emf-sg.ch\/#website\"},\"primaryImageOfPage\":{\"@id\":\"https:\/\/www.emf-sg.ch\/#primaryimage\"},\"image\":{\"@id\":\"https:\/\/www.emf-sg.ch\/#primaryimage\"},\"thumbnailUrl\":\"https:\/\/www.emf-sg.ch\/wp-content\/uploads\/2020\/03\/IMG_0732-e1613333338899.jpg\",\"datePublished\":\"2020-03-02T14:20:30+00:00\",\"dateModified\":\"2026-03-01T16:33:42+00:00\",\"breadcrumb\":{\"@id\":\"https:\/\/www.emf-sg.ch\/#breadcrumb\"},\"inLanguage\":\"de\",\"potentialAction\":[{\"@type\":\"ReadAction\",\"target\":[\"https:\/\/www.emf-sg.ch\/\"]}]},{\"@type\":\"ImageObject\",\"inLanguage\":\"de\",\"@id\":\"https:\/\/www.emf-sg.ch\/#primaryimage\",\"url\":\"https:\/\/www.emf-sg.ch\/wp-content\/uploads\/2020\/03\/IMG_0732-e1613333338899.jpg\",\"contentUrl\":\"https:\/\/www.emf-sg.ch\/wp-content\/uploads\/2020\/03\/IMG_0732-e1613333338899.jpg\",\"width\":710,\"height\":320},{\"@type\":\"BreadcrumbList\",\"@id\":\"https:\/\/www.emf-sg.ch\/#breadcrumb\",\"itemListElement\":[{\"@type\":\"ListItem\",\"position\":1,\"name\":\"Home\",\"item\":\"https:\/\/www.emf-sg.ch\/\"},{\"@type\":\"ListItem\",\"position\":2,\"name\":\"Herzlich Willkommen&#8230;\"}]},{\"@type\":\"WebSite\",\"@id\":\"https:\/\/www.emf-sg.ch\/#website\",\"url\":\"https:\/\/www.emf-sg.ch\/\",\"name\":\"EMF St. Gallen\",\"description\":\"Die Eisenbahn- und Modellbau- Freunde in St.Gallen\",\"potentialAction\":[{\"@type\":\"SearchAction\",\"target\":{\"@type\":\"EntryPoint\",\"urlTemplate\":\"https:\/\/www.emf-sg.ch\/?s={search_term_string}\"},\"query-input\":{\"@type\":\"PropertyValueSpecification\",\"valueRequired\":true,\"valueName\":\"search_term_string\"}}],\"inLanguage\":\"de\"}]}<\/script>\n<!-- \/ Yoast SEO plugin. -->","yoast_head_json":{"title":"Herzlich Willkommen... - EMF St. Gallen","robots":{"index":"index","follow":"follow","max-snippet":"max-snippet:-1","max-image-preview":"max-image-preview:large","max-video-preview":"max-video-preview:-1"},"canonical":"https:\/\/www.emf-sg.ch\/","og_locale":"de_DE","og_type":"article","og_title":"Herzlich Willkommen... - EMF St. Gallen","og_description":"&#8230;bei den Eisenbahn- und Modellbau- Freunden (EMF) St. Gallen Liebe G\u00e4ste und Besucher Unser EMF-Jahresprogramm ist gleich hier, unten auf&hellip;","og_url":"https:\/\/www.emf-sg.ch\/","og_site_name":"EMF St. Gallen","article_modified_time":"2026-03-01T16:33:42+00:00","og_image":[{"width":710,"height":320,"url":"https:\/\/www.emf-sg.ch\/wp-content\/uploads\/2020\/03\/IMG_0732-e1613333338899.jpg","type":"image\/jpeg"}],"twitter_card":"summary_large_image","twitter_misc":{"Gesch\u00e4tzte Lesezeit":"2\u00a0Minuten"},"schema":{"@context":"https:\/\/schema.org","@graph":[{"@type":"WebPage","@id":"https:\/\/www.emf-sg.ch\/","url":"https:\/\/www.emf-sg.ch\/","name":"Herzlich Willkommen... - EMF St. Gallen","isPartOf":{"@id":"https:\/\/www.emf-sg.ch\/#website"},"primaryImageOfPage":{"@id":"https:\/\/www.emf-sg.ch\/#primaryimage"},"image":{"@id":"https:\/\/www.emf-sg.ch\/#primaryimage"},"thumbnailUrl":"https:\/\/www.emf-sg.ch\/wp-content\/uploads\/2020\/03\/IMG_0732-e1613333338899.jpg","datePublished":"2020-03-02T14:20:30+00:00","dateModified":"2026-03-01T16:33:42+00:00","breadcrumb":{"@id":"https:\/\/www.emf-sg.ch\/#breadcrumb"},"inLanguage":"de","potentialAction":[{"@type":"ReadAction","target":["https:\/\/www.emf-sg.ch\/"]}]},{"@type":"ImageObject","inLanguage":"de","@id":"https:\/\/www.emf-sg.ch\/#primaryimage","url":"https:\/\/www.emf-sg.ch\/wp-content\/uploads\/2020\/03\/IMG_0732-e1613333338899.jpg","contentUrl":"https:\/\/www.emf-sg.ch\/wp-content\/uploads\/2020\/03\/IMG_0732-e1613333338899.jpg","width":710,"height":320},{"@type":"BreadcrumbList","@id":"https:\/\/www.emf-sg.ch\/#breadcrumb","itemListElement":[{"@type":"ListItem","position":1,"name":"Home","item":"https:\/\/www.emf-sg.ch\/"},{"@type":"ListItem","position":2,"name":"Herzlich Willkommen&#8230;"}]},{"@type":"WebSite","@id":"https:\/\/www.emf-sg.ch\/#website","url":"https:\/\/www.emf-sg.ch\/","name":"EMF St. Gallen","description":"Die Eisenbahn- und Modellbau- Freunde in St.Gallen","potentialAction":[{"@type":"SearchAction","target":{"@type":"EntryPoint","urlTemplate":"https:\/\/www.emf-sg.ch\/?s={search_term_string}"},"query-input":{"@type":"PropertyValueSpecification","valueRequired":true,"valueName":"search_term_string"}}],"inLanguage":"de"}]}},"jetpack_sharing_enabled":true,"_links":{"self":[{"href":"https:\/\/www.emf-sg.ch\/index.php?rest_route=\/wp\/v2\/pages\/8","targetHints":{"allow":["GET"]}}],"collection":[{"href":"https:\/\/www.emf-sg.ch\/index.php?rest_route=\/wp\/v2\/pages"}],"about":[{"href":"https:\/\/www.emf-sg.ch\/index.php?rest_route=\/wp\/v2\/types\/page"}],"author":[{"embeddable":true,"href":"https:\/\/www.emf-sg.ch\/index.php?rest_route=\/wp\/v2\/users\/4"}],"replies":[{"embeddable":true,"href":"https:\/\/www.emf-sg.ch\/index.php?rest_route=%2Fwp%2Fv2%2Fcomments&post=8"}],"version-history":[{"count":71,"href":"https:\/\/www.emf-sg.ch\/index.php?rest_route=\/wp\/v2\/pages\/8\/revisions"}],"predecessor-version":[{"id":1098,"href":"https:\/\/www.emf-sg.ch\/index.php?rest_route=\/wp\/v2\/pages\/8\/revisions\/1098"}],"wp:featuredmedia":[{"embeddable":true,"href":"https:\/\/www.emf-sg.ch\/index.php?rest_route=\/wp\/v2\/media\/30"}],"wp:attachment":[{"href":"https:\/\/www.emf-sg.ch\/index.php?rest_route=%2Fwp%2Fv2%2Fmedia&parent=8"}],"curies":[{"name":"wp","href":"https:\/\/api.w.org\/{rel}","templated":true}]}}